{"id":3909,"date":"2025-05-21T20:16:41","date_gmt":"2025-05-21T18:16:41","guid":{"rendered":"https:\/\/www.sv-evenkamp.de\/?page_id=3909"},"modified":"2025-05-21T20:16:41","modified_gmt":"2025-05-21T18:16:41","slug":"triathlon-2016-3-3-2","status":"publish","type":"page","link":"https:\/\/www.sv-evenkamp.de\/?page_id=3909","title":{"rendered":"4. Ehrener-Muttenwald Triathlon 2025"},"content":{"rendered":"<h2>Hallo liebe Sportbegeisterte<\/h2>\n<p><a href=\"https:\/\/www.sv-evenkamp.de\/wp-content\/uploads\/2025\/05\/Triathlon2025.jpeg\" target=\"_blank\" rel=\"noopener\"><img loading=\"lazy\" decoding=\"async\" class=\"alignleft wp-image-3904 size-medium\" src=\"https:\/\/www.sv-evenkamp.de\/wp-content\/uploads\/2025\/05\/Triathlon2025-212x300.jpeg\" alt=\"\" width=\"212\" height=\"300\" srcset=\"https:\/\/www.sv-evenkamp.de\/wp-content\/uploads\/2025\/05\/Triathlon2025-212x300.jpeg 212w, https:\/\/www.sv-evenkamp.de\/wp-content\/uploads\/2025\/05\/Triathlon2025-722x1024.jpeg 722w, https:\/\/www.sv-evenkamp.de\/wp-content\/uploads\/2025\/05\/Triathlon2025.jpeg 750w\" sizes=\"auto, (max-width: 212px) 100vw, 212px\" \/><\/a><\/p>\n<p><strong>Das Warten hat ein Ende! Der \u201e4. Ehrener Muttenwald-Triathlon\u201c soll am 09. August 2025 um 17 Uhr an der Ehrener Br\u00fccke (zwischen den D\u00f6rfern Ehren und Evenkamp gelegen) starten. Die Veranstaltung des SV Evenkamp geht nach 2016, 2019 und 2022 in die 4. Runde. Nach der dritten Veranstaltung kann man im OM schon von Tradition sprechen.<\/strong><\/p>\n<p><strong>Der Muttenwald-Triathlon st\u00f6\u00dft regional und \u00fcber die Grenzen hinaus auf gro\u00dfe Beliebtheit. Hei\u00dft es doch, sich sportlich \u00fcber die \u201eMuttenwald-Triathlon-Strecke\u201c zu messen. Es stehen an: ca. 1000m Schwimmen in der Hase (flussabw\u00e4rts \u2013 und man muss hierzu mind. 16 Jahre alt sein) ca. 6,7km Radfahren (auf einem \u201eklapprigen\u201c Fahrrad mit max. 3-Gang-Schaltung) und die letzte Distanz ca. 1,75km Laufen in Richtung \u201eMuttenwald-Stadion\u201c. Hier gibt es eine besondere Motivation \u2013 Es geht Richtung \u201eTheke\u201c<\/strong><\/p>\n<p><strong>Diese Strecken k\u00f6nnen als \u201eEinzelk\u00e4mpfer\u201c oder als Staffel \u00fcberwunden werden; wobei der Spa\u00df immer im Vordergrund steht. Die Staffel ist \u00fcbrigens auch gut f\u00fcr Familien geeignet (Mutter schwimmt \/ Vater f\u00e4hrt Rad und das Kind l\u00e4uft \u2014 oder in \u00e4hnlichen Konstellationen).<\/strong><\/p>\n<p><strong>Im \u201eMuttenwald-Stadion\u201c angelangt, gibt es kein Halten mehr \u2014 Bier, \u201eMutte im Br\u00f6tchen\u201c, Pommes und Vieles mehr erwarten die Triathleten und die hoffentlich zahlreichen G\u00e4ste aus \u201eNah und Fern\u201c. Bei guter Laune und Musik wird dann ausgelassen gefeiert. Der Erl\u00f6s dieser Veranstaltung geht an einen wohlt\u00e4tigen Zweck (oder mehrere).<\/strong><\/p>\n<p><strong>Die Startgeb\u00fchr betr\u00e4gt 15\u20ac pro Teilnehmer. Die Teilnehmerzahl ist auf 40 Staffeln und 40 Einzelstarter (insgesamt 160 Personen) begrenzt. Unter diesen Teilnehmern werden wieder sch\u00f6ne Sachpreise verlost. Die jeweils Ersten (Staffel, sowie Einzel) erhalten den begehrten Wanderpokal. Anmeldeschluss ist der 26.07.2025<\/strong><\/p>\n<p><strong>Bis bald \u2026.. Das Orga-Team des \u201eMuttenwald-Triathlon\u201c<\/strong><\/p>\n<p><strong>Weitere Info`s:<\/strong><\/p>\n<p><strong>\u2022 \u00dcberweisung an DE 9526 5679 4305 7515 9404 (Einzel 15\u20ac \/ Staffel 45\u20ac)<\/strong><\/p>\n<p><strong> \u2022 Geb.-Datum beim Schwimmer (Monat\/Jahr) <\/strong><\/p>\n<p><strong>\u2022 Shirt-Gr\u00f6\u00dfe ( z.B. L ) <\/strong><\/p>\n<p><strong>\u2022 Angabe der E-Mailadresse vom Teilnehmer oder Ansprechpartner der Staffel<\/strong><\/p>\n<p><strong>Bild + Filmrechte:<\/strong><\/p>\n<p><strong>Mit der \u00dcberweisung zur Teilnahme an der Veranstaltung erkl\u00e4rt sich jeder Teilnehmer (Staffel, sowie Einzel) Unwiderruflich einverstanden, dass etwaige Film- bzw. Fotoaufnahmen seiner Person umfassend in allen Medien ausgewertet werden k\u00f6nnen.<\/strong><\/p>\n","protected":false},"excerpt":{"rendered":"<p>Hallo liebe Sportbegeisterte Das Warten hat ein Ende! Der \u201e4. Ehrener Muttenwald-Triathlon\u201c soll am 09. August 2025 um 17 Uhr an der Ehrener Br\u00fccke (zwischen den D\u00f6rfern Ehren und Evenkamp gelegen) starten. Die Veranstaltung des SV Evenkamp geht nach 2016, 2019 und 2022 in die 4. Runde. Nach der dritten Veranstaltung kann man im OMContinue reading &rarr;<\/p>\n","protected":false},"author":1,"featured_media":0,"parent":0,"menu_order":0,"comment_status":"closed","ping_status":"closed","template":"","meta":{"footnotes":""},"class_list":["post-3909","page","type-page","status-publish","hentry","no-thumb"],"_links":{"self":[{"href":"https:\/\/www.sv-evenkamp.de\/index.php?rest_route=\/wp\/v2\/pages\/3909","targetHints":{"allow":["GET"]}}],"collection":[{"href":"https:\/\/www.sv-evenkamp.de\/index.php?rest_route=\/wp\/v2\/pages"}],"about":[{"href":"https:\/\/www.sv-evenkamp.de\/index.php?rest_route=\/wp\/v2\/types\/page"}],"author":[{"embeddable":true,"href":"https:\/\/www.sv-evenkamp.de\/index.php?rest_route=\/wp\/v2\/users\/1"}],"replies":[{"embeddable":true,"href":"https:\/\/www.sv-evenkamp.de\/index.php?rest_route=%2Fwp%2Fv2%2Fcomments&post=3909"}],"version-history":[{"count":2,"href":"https:\/\/www.sv-evenkamp.de\/index.php?rest_route=\/wp\/v2\/pages\/3909\/revisions"}],"predecessor-version":[{"id":3911,"href":"https:\/\/www.sv-evenkamp.de\/index.php?rest_route=\/wp\/v2\/pages\/3909\/revisions\/3911"}],"wp:attachment":[{"href":"https:\/\/www.sv-evenkamp.de\/index.php?rest_route=%2Fwp%2Fv2%2Fmedia&parent=3909"}],"curies":[{"name":"wp","href":"https:\/\/api.w.org\/{rel}","templated":true}]}}