{"id":3514,"date":"2022-04-13T12:57:01","date_gmt":"2022-04-13T10:57:01","guid":{"rendered":"https:\/\/www.sv-evenkamp.de\/?page_id=3514"},"modified":"2022-04-13T13:05:50","modified_gmt":"2022-04-13T11:05:50","slug":"triathlon-2016-3-3","status":"publish","type":"page","link":"https:\/\/www.sv-evenkamp.de\/?page_id=3514","title":{"rendered":"3. Ehrener-Muttenwald Triathlon 2022"},"content":{"rendered":"<h2>Hallo liebe Sportbegeisterte<\/h2>\n<p><a href=\"https:\/\/www.sv-evenkamp.de\/wp-content\/uploads\/2022\/04\/Triathlon_Plakat_2022-scaled.jpg\"><img loading=\"lazy\" decoding=\"async\" class=\"alignleft wp-image-3523 size-medium\" src=\"https:\/\/www.sv-evenkamp.de\/wp-content\/uploads\/2022\/04\/Triathlon_Plakat_2022-212x300.jpg\" alt=\"\" width=\"212\" height=\"300\" srcset=\"https:\/\/www.sv-evenkamp.de\/wp-content\/uploads\/2022\/04\/Triathlon_Plakat_2022-212x300.jpg 212w, https:\/\/www.sv-evenkamp.de\/wp-content\/uploads\/2022\/04\/Triathlon_Plakat_2022-724x1024.jpg 724w, https:\/\/www.sv-evenkamp.de\/wp-content\/uploads\/2022\/04\/Triathlon_Plakat_2022-768x1086.jpg 768w, https:\/\/www.sv-evenkamp.de\/wp-content\/uploads\/2022\/04\/Triathlon_Plakat_2022-1086x1536.jpg 1086w, https:\/\/www.sv-evenkamp.de\/wp-content\/uploads\/2022\/04\/Triathlon_Plakat_2022-1448x2048.jpg 1448w, https:\/\/www.sv-evenkamp.de\/wp-content\/uploads\/2022\/04\/Triathlon_Plakat_2022-scaled.jpg 1810w\" sizes=\"auto, (max-width: 212px) 100vw, 212px\" \/><\/a>In diesem Jahr ist es wieder soweit. Der \u201e3. Ehrener Muttenwald-Triathlon\u201c soll am 13. August 2022 um 17 Uhr an der Ehrener Br\u00fccke (zwischen den D\u00f6rfern Ehren und Evenkamp gelegen) starten.<br \/>\nDie Veranstaltung des SV Evenkamp geht, nach 2016 und 2019, in die 3. Runde. Der Muttenwald-Triathlon st\u00f6\u00dft regional und \u00fcber die Grenzen hinaus auf gro\u00dfe Beliebtheit. Hei\u00dft es doch, sich sportlich \u00fcber die \u201eMuttenwald-Triathlon-Strecke\u201c zu messen.<br \/>\nEs stehen an:<br \/>\n<b>ca. 1000m Schwimmen<\/b> in der Hase (flussabw\u00e4rts &#8211; und man muss hierzu mind. 16 Jahre alt sein)<br \/>\n<b>ca. 6,7km Radfahren<\/b> (auf einem \u201eklapprigen\u201c Fahrrad mit max. 3-Gang-Schaltung) und die letzte Distanz<br \/>\n<b>ca. 1,75km Laufen<\/b> in Richtung \u201eMuttenwald-Stadion\u201c.<\/p>\n<p>Diese Strecken k\u00f6nnen als \u201eEinzelk\u00e4mpfer\u201c oder als Staffel gemeistert werden; wobei der Spa\u00df immer im Vordergrund steht.\u00a0Die Staffel ist \u00fcbrigens auch gut f\u00fcr Familien geeignet (Mutter schwimmt \/ Vater f\u00e4hrt Rad und das Kind l\u00e4uft \u2014 oder in \u00e4hnlichen Konstellationen).<\/p>\n<p>Im \u201eMuttenwald-Stadion\u201c angelangt gibt es kein Halten mehr \u2014 Bier, \u201eMutte im Br\u00f6tchen\u201c, Pommes und Vieles mehr erwarten die Triathleten und die hoffentlich zahlreichen G\u00e4ste aus Nah und Fern. Bei guter Laune und Musik wird dann ausgelassen gefeiert.<br \/>\nDer Erl\u00f6s dieser Veranstaltung geht zu gleichen Teilen an die Gruppen: Flugkraft und die Flowerkids. (Diese Gruppen wurden im Vorfeld innerhalb einer Umfrage ermittelt)<br \/>\nDie Startgeb\u00fchr betr\u00e4gt 15\u20ac pro Teilnehmer.<br \/>\nDie Teilnehmerzahl ist auf 40 Staffeln und 40 Einzelstarter (insgesamt 160 Personen) begrenzt. Unter diesen Teilnehmern werden wieder sch\u00f6ne Sachpreise verlost. Die jeweils Ersten (Staffel, sowie Einzel) erhalten den begehrten Wanderpokal.<br \/>\n<b>Anmeldeschluss ist der 23.07.2022<\/b><\/p>\n<p>Bis bald \u2026..<br \/>\nDas Orga-Team des \u201eMuttenwald-Triathlon\u201c<br \/>\nMichael Gr\u00fcnloh, Ehren<br \/>\nReinhard Theilmann, Evenkamp<br \/>\nDieter Gr\u00fcnloh, Borkhorn<br \/>\nDirk Wesselmann, Helmighausen<br \/>\nHolger Ostermann, Ehren<\/p>\n<p><b>Weitere Info`s<\/b><\/p>\n<p>\u2022 \u00dcberweisung an DE 9526 5679 4305 7515 9404<br \/>\n\u2022 Geb.-Datum beim Schwimmer (Monat\/Jahr)<br \/>\n\u2022 Gr\u00f6\u00dfe Funktionsshirt (nur in begrenzter Menge vorr\u00e4tig \u2013 Ausgabe nur solange der Vorrat reicht)<br \/>\n\u2022 Angabe der E-Mailadresse vom Teilnehmer oder Ansprechpartner der Staffel<\/p>\n<p><b>Bild + Filmrechte<br \/>\nMit der \u00dcberweisung zur Teilnahme an der Veranstaltung erkl\u00e4rt sich jeder Teilnehmer (Staffel, sowie Einzel)<br \/>\nUnwiderruflich einverstanden, dass etwaige Film- bzw. Fotoaufnahmen seiner Person umfassend in allen<br \/>\nMedien ausgewertet werden k\u00f6nnen.<\/b><\/p>\n","protected":false},"excerpt":{"rendered":"<p>Hallo liebe Sportbegeisterte In diesem Jahr ist es wieder soweit. Der \u201e3. Ehrener Muttenwald-Triathlon\u201c soll am 13. August 2022 um 17 Uhr an der Ehrener Br\u00fccke (zwischen den D\u00f6rfern Ehren und Evenkamp gelegen) starten. Die Veranstaltung des SV Evenkamp geht, nach 2016 und 2019, in die 3. Runde. Der Muttenwald-Triathlon st\u00f6\u00dft regional und \u00fcber dieContinue reading &rarr;<\/p>\n","protected":false},"author":1,"featured_media":0,"parent":0,"menu_order":0,"comment_status":"closed","ping_status":"closed","template":"","meta":{"footnotes":""},"class_list":["post-3514","page","type-page","status-publish","hentry","no-thumb"],"_links":{"self":[{"href":"https:\/\/www.sv-evenkamp.de\/index.php?rest_route=\/wp\/v2\/pages\/3514","targetHints":{"allow":["GET"]}}],"collection":[{"href":"https:\/\/www.sv-evenkamp.de\/index.php?rest_route=\/wp\/v2\/pages"}],"about":[{"href":"https:\/\/www.sv-evenkamp.de\/index.php?rest_route=\/wp\/v2\/types\/page"}],"author":[{"embeddable":true,"href":"https:\/\/www.sv-evenkamp.de\/index.php?rest_route=\/wp\/v2\/users\/1"}],"replies":[{"embeddable":true,"href":"https:\/\/www.sv-evenkamp.de\/index.php?rest_route=%2Fwp%2Fv2%2Fcomments&post=3514"}],"version-history":[{"count":8,"href":"https:\/\/www.sv-evenkamp.de\/index.php?rest_route=\/wp\/v2\/pages\/3514\/revisions"}],"predecessor-version":[{"id":3533,"href":"https:\/\/www.sv-evenkamp.de\/index.php?rest_route=\/wp\/v2\/pages\/3514\/revisions\/3533"}],"wp:attachment":[{"href":"https:\/\/www.sv-evenkamp.de\/index.php?rest_route=%2Fwp%2Fv2%2Fmedia&parent=3514"}],"curies":[{"name":"wp","href":"https:\/\/api.w.org\/{rel}","templated":true}]}}