{"id":2986,"date":"2019-10-12T16:19:55","date_gmt":"2019-10-12T14:19:55","guid":{"rendered":"https:\/\/www.sv-evenkamp.de\/?page_id=2986"},"modified":"2019-10-12T16:20:08","modified_gmt":"2019-10-12T14:20:08","slug":"triathlon-2016-3-2","status":"publish","type":"page","link":"https:\/\/www.sv-evenkamp.de\/?page_id=2986","title":{"rendered":"ZUMBA\u00ae"},"content":{"rendered":"<p><a href=\"https:\/\/www.sv-evenkamp.de\/wp-content\/uploads\/2019\/10\/Zumba-Logo.png\"><img loading=\"lazy\" decoding=\"async\" class=\"size-medium wp-image-2987 aligncenter\" src=\"https:\/\/www.sv-evenkamp.de\/wp-content\/uploads\/2019\/10\/Zumba-Logo-300x160.png\" alt=\"\" width=\"300\" height=\"160\" srcset=\"https:\/\/www.sv-evenkamp.de\/wp-content\/uploads\/2019\/10\/Zumba-Logo-300x160.png 300w, https:\/\/www.sv-evenkamp.de\/wp-content\/uploads\/2019\/10\/Zumba-Logo.png 307w\" sizes=\"auto, (max-width: 300px) 100vw, 300px\" \/><\/a><span style=\"font-size: 9.0pt; font-family: 'Verdana',sans-serif;\">ZUMBA\u00ae ist ein vom Latino-Lebensgef\u00fchl inspiriertes effektives Tanz- und Fitness-Programm, das lateinamerikanische Rhythmen und Tanzschritte vereint. Es verbindet schnellere und langsamere Rhythmen sowie Bewegungsabl\u00e4ufe zu einem Aerobic- und Fitness-Workout mit viel Spa\u00df! Dieser Kurs verbessert Koordination, Haltung, Balance und Beweglichkeit und ist f\u00fcr Einsteiger sowie Fortgeschrittene geeignet.<\/span><\/p>\n<p class=\"bodytext\" style=\"margin-bottom: .0001pt;\"><span style=\"font-size: 9.0pt; font-family: 'Verdana',sans-serif;\">\u00a0<\/span><\/p>\n<p class=\"bodytext\" style=\"margin-bottom: .0001pt;\"><span style=\"font-size: 9.0pt; font-family: 'Verdana',sans-serif;\">Trainerin: Andrea Staack<\/span><\/p>\n<p class=\"bodytext\" style=\"margin-bottom: .0001pt;\"><span style=\"font-size: 9.0pt; font-family: 'Verdana',sans-serif;\">Interessierte k\u00f6nnen sich gerne bei Susanne Gr\u00fcnloh, Tel.: 0176 &#8211; 62055520, melden.<\/span><\/p>\n<p>&nbsp;<\/p>\n","protected":false},"excerpt":{"rendered":"<p>ZUMBA\u00ae ist ein vom Latino-Lebensgef\u00fchl inspiriertes effektives Tanz- und Fitness-Programm, das lateinamerikanische Rhythmen und Tanzschritte vereint. Es verbindet schnellere und langsamere Rhythmen sowie Bewegungsabl\u00e4ufe zu einem Aerobic- und Fitness-Workout mit viel Spa\u00df! Dieser Kurs verbessert Koordination, Haltung, Balance und Beweglichkeit und ist f\u00fcr Einsteiger sowie Fortgeschrittene geeignet. \u00a0 Trainerin: Andrea Staack Interessierte k\u00f6nnen sich gerneContinue reading &rarr;<\/p>\n","protected":false},"author":1,"featured_media":0,"parent":0,"menu_order":0,"comment_status":"closed","ping_status":"closed","template":"","meta":{"footnotes":""},"class_list":["post-2986","page","type-page","status-publish","hentry","no-thumb"],"_links":{"self":[{"href":"https:\/\/www.sv-evenkamp.de\/index.php?rest_route=\/wp\/v2\/pages\/2986","targetHints":{"allow":["GET"]}}],"collection":[{"href":"https:\/\/www.sv-evenkamp.de\/index.php?rest_route=\/wp\/v2\/pages"}],"about":[{"href":"https:\/\/www.sv-evenkamp.de\/index.php?rest_route=\/wp\/v2\/types\/page"}],"author":[{"embeddable":true,"href":"https:\/\/www.sv-evenkamp.de\/index.php?rest_route=\/wp\/v2\/users\/1"}],"replies":[{"embeddable":true,"href":"https:\/\/www.sv-evenkamp.de\/index.php?rest_route=%2Fwp%2Fv2%2Fcomments&post=2986"}],"version-history":[{"count":3,"href":"https:\/\/www.sv-evenkamp.de\/index.php?rest_route=\/wp\/v2\/pages\/2986\/revisions"}],"predecessor-version":[{"id":2990,"href":"https:\/\/www.sv-evenkamp.de\/index.php?rest_route=\/wp\/v2\/pages\/2986\/revisions\/2990"}],"wp:attachment":[{"href":"https:\/\/www.sv-evenkamp.de\/index.php?rest_route=%2Fwp%2Fv2%2Fmedia&parent=2986"}],"curies":[{"name":"wp","href":"https:\/\/api.w.org\/{rel}","templated":true}]}}