{"id":1104,"date":"2018-01-25T19:24:48","date_gmt":"2018-01-25T18:24:48","guid":{"rendered":"http:\/\/evenkamp.web-emsland.de\/?page_id=1104"},"modified":"2018-01-30T19:21:41","modified_gmt":"2018-01-30T18:21:41","slug":"soccerplatz","status":"publish","type":"page","link":"https:\/\/www.sv-evenkamp.de\/?page_id=1104","title":{"rendered":"Soccerplatz"},"content":{"rendered":"<div id=\"pl-1104\"  class=\"panel-layout\" ><div id=\"pg-1104-0\"  class=\"panel-grid panel-no-style\" ><div id=\"pgc-1104-0-0\"  class=\"panel-grid-cell\" ><div id=\"panel-1104-0-0-0\" class=\"so-panel widget widget_sow-editor panel-first-child panel-last-child\" data-index=\"0\" ><div\n\t\t\t\n\t\t\tclass=\"so-widget-sow-editor so-widget-sow-editor-base\"\n\t\t\t\n\t\t>\n<div class=\"siteorigin-widget-tinymce textwidget\">\n\t<h1 style=\"text-align: center;\">Projekt \u201eSoccer Platz\u201c<\/h1>\n<div id=\"attachment_1105\" style=\"width: 235px\" class=\"wp-caption alignleft\"><a href=\"http:\/\/sv-evenkamp.de\/wp-content\/uploads\/2018\/01\/Soccerplatz-Beispiel.jpg\"><img aria-describedby=\"caption-attachment-1105\" loading=\"lazy\" decoding=\"async\" class=\"wp-image-1105 size-medium\" src=\"http:\/\/sv-evenkamp.de\/wp-content\/uploads\/2018\/01\/Soccerplatz-Beispiel-225x300.jpg\" alt=\"\" width=\"225\" height=\"300\" srcset=\"https:\/\/www.sv-evenkamp.de\/wp-content\/uploads\/2018\/01\/Soccerplatz-Beispiel-225x300.jpg 225w, https:\/\/www.sv-evenkamp.de\/wp-content\/uploads\/2018\/01\/Soccerplatz-Beispiel.jpg 576w\" sizes=\"auto, (max-width: 225px) 100vw, 225px\" \/><\/a><p id=\"caption-attachment-1105\" class=\"wp-caption-text\">Beispielfoto<\/p><\/div>\n<p>Wir m\u00f6chten gemeinsam mit der Grundschule Evenkamp auf dem Grundschulgel\u00e4nde einen Soccerplatz anlegen.<\/p>\n<p>Hier werden wir Euch \u00fcber den Ablauf dieses Projekts informieren.<\/p>\n<p><span class=\"fontstyle0\">Das Projekt soll auf jeden Fall weiterhin realisiert werden, aber die Umsetzung kann erst im Fr\u00fchjahr 2018 erfolgen. Der Grund f\u00fcr diese Terminverschiebung besteht darin, dass die m\u00fcndliche Zusage \u00fcber die Gew\u00e4hrung des Zuschusses f\u00fcr den Soccer Platz von dem verantwortlichem Projektleiter beim Kreissportbund aus 2016, von dem jetzigen, neuen Vorstand des Kreissportbundes revidiert wurde. Man hat auf Vorstandsebene entschieden in 2017 nur Projekte mit einem Investitionsvolumen von bis zu EURO<br \/>\n25.000.- zu f\u00f6rdern. Es wurde dem SV Evenkamp nochmals best\u00e4tigt, dass alle Unterlagen f\u00fcr dieses Projekt im Juli 2016 termingerecht und vollst\u00e4ndig eingereicht wurden.<br \/>\nWir haben von allen kommunalen Beh\u00f6rden und auch vom Kreissportbund schriftlich die Zusage erhalten, dass unser Projekt in 2018 gef\u00f6rdert wird.<br \/>\nSomit werden wir im M\u00e4rz\/ April 2018 dieses Projekt in Angri\ufb00 nehmen und umsetzen. Wir sind nat\u00fcrlich auch auf fnanzielle Unterst\u00fctzung von Ihnen\/euch angewiesen, und werden in den n\u00e4chsten Wochen eine entsprechende Sammelaktion starten. Lass uns gemeinschaftlich weiter an diesem Projekt arbeiten und es im Fr\u00fchjahr 2018 erfolgreich umsetzen.<br \/>\nDie zuk\u00fcnftigen Nutzer dieser Anlage, sei es der Sportverein, die Schule oder der Kindergarten, werden es uns danken.<\/span><\/p>\n<h3><\/h3>\n<\/div>\n<\/div><\/div><\/div><\/div><div id=\"pg-1104-1\"  class=\"panel-grid panel-no-style\" ><div id=\"pgc-1104-1-0\"  class=\"panel-grid-cell panel-grid-cell-empty\" ><\/div><div id=\"pgc-1104-1-1\"  class=\"panel-grid-cell panel-grid-cell-mobile-last\" ><div id=\"panel-1104-1-1-0\" class=\"so-panel widget widget_sow-editor panel-first-child panel-last-child\" data-index=\"1\" ><div\n\t\t\t\n\t\t\tclass=\"so-widget-sow-editor so-widget-sow-editor-base\"\n\t\t\t\n\t\t>\n<div class=\"siteorigin-widget-tinymce textwidget\">\n\t<div id=\"attachment_1106\" style=\"width: 281px\" class=\"wp-caption aligncenter\"><a href=\"http:\/\/sv-evenkamp.de\/wp-content\/uploads\/2018\/01\/Spendesoccerplatz.png\"><img aria-describedby=\"caption-attachment-1106\" loading=\"lazy\" decoding=\"async\" class=\"wp-image-1106 size-medium\" src=\"http:\/\/sv-evenkamp.de\/wp-content\/uploads\/2018\/01\/Spendesoccerplatz-271x300.png\" alt=\"\" width=\"271\" height=\"300\" srcset=\"https:\/\/www.sv-evenkamp.de\/wp-content\/uploads\/2018\/01\/Spendesoccerplatz-271x300.png 271w, https:\/\/www.sv-evenkamp.de\/wp-content\/uploads\/2018\/01\/Spendesoccerplatz.png 514w\" sizes=\"auto, (max-width: 271px) 100vw, 271px\" \/><\/a><p id=\"caption-attachment-1106\" class=\"wp-caption-text\">Die MT (M\u00fcnsterl\u00e4ndische Tageszeitung)<\/p><\/div>\n<\/div>\n<\/div><\/div><\/div><div id=\"pgc-1104-1-2\"  class=\"panel-grid-cell panel-grid-cell-empty\" ><\/div><\/div><\/div>","protected":false},"excerpt":{"rendered":"<p>Projekt \u201eSoccer Platz\u201c Wir m\u00f6chten gemeinsam mit der Grundschule Evenkamp auf dem Grundschulgel\u00e4nde einen Soccerplatz anlegen. Hier werden wir Euch \u00fcber den Ablauf dieses Projekts informieren. Das Projekt soll auf jeden Fall weiterhin realisiert werden, aber die Umsetzung kann erst im Fr\u00fchjahr 2018 erfolgen. Der Grund f\u00fcr diese Terminverschiebung besteht darin, dass die m\u00fcndliche ZusageContinue reading &rarr;<\/p>\n","protected":false},"author":1,"featured_media":0,"parent":0,"menu_order":0,"comment_status":"closed","ping_status":"closed","template":"","meta":{"footnotes":""},"class_list":["post-1104","page","type-page","status-publish","hentry","no-thumb"],"_links":{"self":[{"href":"https:\/\/www.sv-evenkamp.de\/index.php?rest_route=\/wp\/v2\/pages\/1104","targetHints":{"allow":["GET"]}}],"collection":[{"href":"https:\/\/www.sv-evenkamp.de\/index.php?rest_route=\/wp\/v2\/pages"}],"about":[{"href":"https:\/\/www.sv-evenkamp.de\/index.php?rest_route=\/wp\/v2\/types\/page"}],"author":[{"embeddable":true,"href":"https:\/\/www.sv-evenkamp.de\/index.php?rest_route=\/wp\/v2\/users\/1"}],"replies":[{"embeddable":true,"href":"https:\/\/www.sv-evenkamp.de\/index.php?rest_route=%2Fwp%2Fv2%2Fcomments&post=1104"}],"version-history":[{"count":22,"href":"https:\/\/www.sv-evenkamp.de\/index.php?rest_route=\/wp\/v2\/pages\/1104\/revisions"}],"predecessor-version":[{"id":1238,"href":"https:\/\/www.sv-evenkamp.de\/index.php?rest_route=\/wp\/v2\/pages\/1104\/revisions\/1238"}],"wp:attachment":[{"href":"https:\/\/www.sv-evenkamp.de\/index.php?rest_route=%2Fwp%2Fv2%2Fmedia&parent=1104"}],"curies":[{"name":"wp","href":"https:\/\/api.w.org\/{rel}","templated":true}]}}